{"id":373,"date":"2016-11-21T11:41:57","date_gmt":"2016-11-21T17:41:57","guid":{"rendered":"http:\/\/www.sdbwomen.org\/?page_id=373"},"modified":"2016-11-21T11:41:57","modified_gmt":"2016-11-21T17:41:57","slug":"team-messenger","status":"publish","type":"page","link":"https:\/\/www.sdbwomen.org\/?page_id=373","title":{"rendered":"Team Messenger"},"content":{"rendered":"<p style=\"text-align: center;\"><strong>SCSC 2006 Team Messenger<\/strong><\/p>\n<p style=\"text-align: center;\"><strong>Matthew 11:10<\/strong><\/p>\n<p style=\"text-align: center;\"><strong>This is the one about whom it is written: \u201cI will send my messenger ahead of you, who will prepare your way before you.\u201d\u00a0<\/strong><\/p>\n<p style=\"text-align: left;\"><strong>Team Majestic <\/strong>Alfred Station, NY<strong><br \/>\n<\/strong><\/p>\n<p style=\"text-align: left;\">Isaiah 30:30 <span id=\"en-NIV-18248\" class=\"text Isa-30-30\">The <span class=\"small-caps\">Lord<\/span> will cause people to hear his majestic voice <\/span><span class=\"indent-1\"><span class=\"text Isa-30-30\">and will make them see his arm coming down <\/span><\/span><span class=\"text Isa-30-30\">with raging anger and consuming fire,<\/span> <span class=\"indent-1\"><span class=\"text Isa-30-30\">with cloudburst, thunderstorm and hail.<\/span><\/span><\/p>\n<p style=\"text-align: left;\">PD Amanda Snyder<\/p>\n<p style=\"text-align: left;\">Jonathan Pradetto Riverside, CA Brian Goodrich North Loup, NE<\/p>\n<p style=\"text-align: left;\"><strong>Team Endurance <\/strong>Battle Creek, MI <strong><br \/>\n<\/strong><\/p>\n<p style=\"text-align: left;\">Romans 15:5 <span id=\"en-NIV-28309\" class=\"text Rom-15-5\">May the God who gives endurance and encouragement give you the same attitude of mind toward each other that Christ Jesus had<\/span>.<\/p>\n<p style=\"text-align: left;\">PD Kory Geske<\/p>\n<p style=\"text-align: left;\">Sam Lima Milton, WI Lauren DuBois Shiloh, NJ Jasmine Patterson Salemville, PA<\/p>\n<p style=\"text-align: left;\"><strong>Team Strength <\/strong>Dodge Center, MN<strong><br \/>\n<\/strong><\/p>\n<p style=\"text-align: left;\">Psalm 27:1 <span id=\"en-KJV-14287\" class=\"text Ps-27-1\">The <span class=\"small-caps\">Lord<\/span> is my light and my salvation; whom shall I fear? the <span class=\"small-caps\">Lord<\/span> is the strength of my life; of whom shall I be afraid?<\/span><\/p>\n<p style=\"text-align: left;\">PD Madelyn Neher<\/p>\n<p style=\"text-align: left;\">Melody Rankhorn Paint Rock, AL Bethany Chroniger Shiloh, NJ<\/p>\n<p style=\"text-align: left;\"><strong>Team Speedy <\/strong>Miami, FL<strong><br \/>\n<\/strong><\/p>\n<p class=\"line\">Zephaniah 1:18 <span id=\"en-NIV-22806\" class=\"text Zeph-1-18\">Neither their silver nor their gold <\/span><span class=\"indent-1\"><span class=\"text Zeph-1-18\">will be able to save them <\/span><\/span><span class=\"indent-1\"><span class=\"text Zeph-1-18\">on the day of the <span class=\"small-caps\">Lord<\/span>\u2019s wrath.\u201d <\/span><\/span><span class=\"text Zeph-1-18\">In the fire of his jealousy <\/span><span class=\"indent-1\"><span class=\"text Zeph-1-18\">the whole earth will be consumed,<\/span><\/span> <span class=\"text Zeph-1-18\">for he will make a sudden end <\/span><span class=\"indent-1\"><span class=\"text Zeph-1-18\">of all who live on the earth.<\/span><\/span><\/p>\n<p class=\"line\">PD Kay Samuels<\/p>\n<p style=\"text-align: left;\">Kristin Soper North Loup, NE Joseph Pradetto Riverside, CA<\/p>\n<p style=\"text-align: left;\"><strong>Team Elite <\/strong>Milton, WI<strong><br \/>\n<\/strong><\/p>\n<p style=\"text-align: left;\">Ephesians 6:13=14a <span id=\"en-NIV-29351\" class=\"text Eph-6-13\"><sup class=\"versenum\">\u00a0<\/sup>Therefore put on the full armor of God, so that when the day of evil comes, you may be able to stand your ground, and after you have done everything, to stand.<\/span> <span id=\"en-NIV-29352\" class=\"text Eph-6-14\"><sup class=\"versenum\">14\u00a0<\/sup>Stand firm then, with the belt of truth buckled around your waist, with the breastplate of righteousness in place <\/span><\/p>\n<p style=\"text-align: left;\">PD Stephanie Scholtz<\/p>\n<p style=\"text-align: left;\">Andre Mackintosh Bay Area, CA Amanda Colvin Nortonville, KS<\/p>\n<p style=\"text-align: left;\"><strong>Team News <\/strong>Muskegon, MI<strong><br \/>\n<\/strong><\/p>\n<p style=\"text-align: left;\">Proverbs 25:25 <span id=\"en-NIV-17139\" class=\"text Prov-25-25\">Like cold water to a weary soul <\/span><span class=\"indent-1\"><span class=\"text Prov-25-25\">is good news from a distant land.<\/span><\/span><\/p>\n<p style=\"text-align: left;\">PD Angel Floyd<\/p>\n<p style=\"text-align: left;\">Corey Campbell Atlanta, GA Margie Burdick Seattle, WA<\/p>\n<p style=\"text-align: left;\"><strong>Team Gideon<\/strong> Seattle, WA<strong><br \/>\n<\/strong><\/p>\n<p>Judges 6:12<span id=\"en-NIV-6667\" class=\"text Judg-6-12\"> When the angel of the <span class=\"small-caps\">Lord<\/span> appeared to Gideon, he said, \u201cThe <span class=\"small-caps\">Lord<\/span> is with you, mighty warrior.\u201d<\/span><\/p>\n<p>PD Doreen Davis<\/p>\n<p style=\"text-align: left;\">Rachel Hargett Atlanta, GA Bobby Colvin Nortonville, KS<\/p>\n<p style=\"text-align: left;\"><strong>Team El Fin <\/strong>Spanish House of Worship<strong><br \/>\n<\/strong><\/p>\n<p style=\"text-align: left;\">Mateo 10:22 <span id=\"es-RVR1960-23441\" class=\"text Matt-10-22\">Y ser\u00e9is aborrecidos de todos por causa de mi nombre; mas el que persevere hasta el fin, \u00e9ste ser\u00e1 salvo.<\/span> <em><span id=\"en-NIV-23440\" class=\"text Matt-10-22\"><span class=\"woj\">You will be hated by everyone because of me, but the one who stands firm to the end will be saved. Matthew 10:22<\/span><\/span><\/em><\/p>\n<p style=\"text-align: left;\">PD Butch Hibbard<\/p>\n<p style=\"text-align: left;\">Danny Torres Arlington, VA Helmer Umana Arlington, VA Edwin Torres Arlington, VA<\/p>\n<p style=\"text-align: left;\"><strong>Team Ransom <\/strong>White Cloud, MI<strong><br \/>\n<\/strong><\/p>\n<p class=\"line\">Hosea 13:14 <span id=\"en-NIV-22281\" class=\"text Hos-13-14\">I will deliver this people from the power of the grave; <\/span><span class=\"indent-1\"><span class=\"text Hos-13-14\">I will redeem them from death. <\/span><\/span><span class=\"text Hos-13-14\">Where, O death, are your plagues?<\/span><span class=\"indent-1\"> <span class=\"text Hos-13-14\">Where, O grave, is your destruction? <\/span><\/span><span class=\"text Hos-13-14\">\u201cI will have no compassion,<\/span><\/p>\n<p class=\"line\">PD Patti Wethington<\/p>\n<p class=\"line\">Tiffany Crowder Denver, CO Phillip Lawton Milton, WI Sarah Tyson Riverside, CA<\/p>\n","protected":false},"excerpt":{"rendered":"<p>SCSC 2006 Team Messenger Matthew 11:10 This is the one about whom it is written: \u201cI will send my messenger ahead of you, who will prepare your way before you.\u201d\u00a0 Team Majestic Alfred Station, NY Isaiah 30:30 The Lord will cause people to hear his majestic voice and will make them see his arm coming&#8230; <a href=\"https:\/\/www.sdbwomen.org\/?page_id=373\" class=\"read-more\">Read More &rsaquo;<\/a><\/p>\n","protected":false},"author":6,"featured_media":0,"parent":94,"menu_order":0,"comment_status":"closed","ping_status":"closed","template":"page-full-width.php","meta":{"footnotes":""},"class_list":["post-373","page","type-page","status-publish","hentry"],"jetpack_sharing_enabled":true,"_links":{"self":[{"href":"https:\/\/www.sdbwomen.org\/index.php?rest_route=\/wp\/v2\/pages\/373","targetHints":{"allow":["GET"]}}],"collection":[{"href":"https:\/\/www.sdbwomen.org\/index.php?rest_route=\/wp\/v2\/pages"}],"about":[{"href":"https:\/\/www.sdbwomen.org\/index.php?rest_route=\/wp\/v2\/types\/page"}],"author":[{"embeddable":true,"href":"https:\/\/www.sdbwomen.org\/index.php?rest_route=\/wp\/v2\/users\/6"}],"replies":[{"embeddable":true,"href":"https:\/\/www.sdbwomen.org\/index.php?rest_route=%2Fwp%2Fv2%2Fcomments&post=373"}],"version-history":[{"count":6,"href":"https:\/\/www.sdbwomen.org\/index.php?rest_route=\/wp\/v2\/pages\/373\/revisions"}],"predecessor-version":[{"id":584,"href":"https:\/\/www.sdbwomen.org\/index.php?rest_route=\/wp\/v2\/pages\/373\/revisions\/584"}],"up":[{"embeddable":true,"href":"https:\/\/www.sdbwomen.org\/index.php?rest_route=\/wp\/v2\/pages\/94"}],"wp:attachment":[{"href":"https:\/\/www.sdbwomen.org\/index.php?rest_route=%2Fwp%2Fv2%2Fmedia&parent=373"}],"curies":[{"name":"wp","href":"https:\/\/api.w.org\/{rel}","templated":true}]}}